{"id":5036,"date":"2025-08-29T10:04:14","date_gmt":"2025-08-29T10:04:14","guid":{"rendered":"https:\/\/oluto.web.ua.pt\/?page_id=5036"},"modified":"2025-09-04T16:47:31","modified_gmt":"2025-09-04T16:47:31","slug":"inscricoes-3","status":"publish","type":"page","link":"https:\/\/oluto.web.ua.pt\/?page_id=5036","title":{"rendered":"Inscri\u00e7\u00f5es"},"content":{"rendered":"\n<div class=\"wp-block-cover alignfull\"><span aria-hidden=\"true\" class=\"wp-block-cover__background has-nv-light-bg-background-color has-background-dim-100 has-background-dim\"><\/span><div class=\"wp-block-cover__inner-container is-layout-constrained wp-block-cover-is-layout-constrained\">\n<div class=\"wp-block-columns is-layout-flex wp-container-core-columns-is-layout-1 wp-block-columns-is-layout-flex\">\n<div class=\"wp-block-column is-layout-flow wp-block-column-is-layout-flow\"><div class=\"wp-block-image\">\n<figure class=\"aligncenter size-large is-resized\"><img loading=\"lazy\" decoding=\"async\" width=\"1024\" height=\"256\" src=\"https:\/\/oluto.web.ua.pt\/wp-content\/uploads\/2025\/09\/iFEAL_cabecalho-site_1920x480_25_v2-1024x256.jpg\" alt=\"\" class=\"wp-image-5105\" style=\"width:850px\" srcset=\"https:\/\/oluto.web.ua.pt\/wp-content\/uploads\/2025\/09\/iFEAL_cabecalho-site_1920x480_25_v2-1024x256.jpg 1024w, https:\/\/oluto.web.ua.pt\/wp-content\/uploads\/2025\/09\/iFEAL_cabecalho-site_1920x480_25_v2-300x75.jpg 300w, https:\/\/oluto.web.ua.pt\/wp-content\/uploads\/2025\/09\/iFEAL_cabecalho-site_1920x480_25_v2-768x192.jpg 768w, https:\/\/oluto.web.ua.pt\/wp-content\/uploads\/2025\/09\/iFEAL_cabecalho-site_1920x480_25_v2-1536x384.jpg 1536w, https:\/\/oluto.web.ua.pt\/wp-content\/uploads\/2025\/09\/iFEAL_cabecalho-site_1920x480_25_v2.jpg 1920w\" sizes=\"auto, (max-width: 1024px) 100vw, 1024px\" \/><\/figure><\/div><\/div>\n<\/div>\n<\/div><\/div>\n\n\n\n<div class=\"wp-block-cover alignfull\"><span aria-hidden=\"true\" class=\"wp-block-cover__background has-nv-light-bg-background-color has-background-dim-100 has-background-dim\"><\/span><div class=\"wp-block-cover__inner-container is-layout-constrained wp-block-cover-is-layout-constrained\">\n<div class=\"wp-block-group\"><div class=\"wp-block-group__inner-container is-layout-constrained wp-block-group-is-layout-constrained\">\n<div class=\"wp-block-columns alignwide are-vertically-aligned-center is-layout-flex wp-container-core-columns-is-layout-2 wp-block-columns-is-layout-flex\">\n<div class=\"wp-block-column is-vertically-aligned-center is-layout-flow wp-block-column-is-layout-flow\" style=\"flex-basis:33.33%\"><div class=\"wp-block-image\">\n<figure class=\"aligncenter size-full is-resized\"><img loading=\"lazy\" decoding=\"async\" width=\"512\" height=\"512\" src=\"https:\/\/oluto.web.ua.pt\/wp-content\/uploads\/2024\/02\/documentation.png\" alt=\"\" class=\"wp-image-2509\" style=\"object-fit:cover;width:100px;height:100px\" srcset=\"https:\/\/oluto.web.ua.pt\/wp-content\/uploads\/2024\/02\/documentation.png 512w, https:\/\/oluto.web.ua.pt\/wp-content\/uploads\/2024\/02\/documentation-300x300.png 300w, https:\/\/oluto.web.ua.pt\/wp-content\/uploads\/2024\/02\/documentation-150x150.png 150w\" sizes=\"auto, (max-width: 512px) 100vw, 512px\" \/><\/figure><\/div><\/div>\n\n\n\n<div class=\"wp-block-column is-vertically-aligned-center is-layout-flow wp-block-column-is-layout-flow\" style=\"flex-basis:66.66%\">\n<h2 class=\"wp-block-heading has-neve-text-color-color has-text-color has-link-color wp-elements-243f1d8c7c1bc935d7c9d5ca04d73c5c\">Inscri\u00e7\u00e3o<\/h2>\n\n\n\n<p class=\"has-neve-text-color-color has-text-color has-link-color wp-elements-75c7dd19f6d96d25214f8347280063a0\">A inscri\u00e7\u00e3o no evento \u00e9 obrigat\u00f3ria, em formul\u00e1rio pr\u00f3prio.<br>Fa\u00e7a a sua inscri\u00e7\u00e3o, clicando no bot\u00e3o abaixo.<\/p>\n\n\n\n<div class=\"wp-block-buttons is-layout-flex wp-block-buttons-is-layout-flex\">\n<div class=\"wp-block-button\"><a class=\"wp-block-button__link has-custom-1-background-color has-background wp-element-button\" href=\"https:\/\/forms.ua.pt\/index.php?r=survey\/index&amp;sid=764842&amp;lang=pt\">Inscri\u00e7\u00e3o<\/a><\/div>\n<\/div>\n\n\n\n<div style=\"height:50px\" aria-hidden=\"true\" class=\"wp-block-spacer\"><\/div>\n\n\n\n<h3 class=\"wp-block-heading has-neve-text-color-color has-text-color has-link-color wp-elements-224a86bbea113a53153e48a19752e823\">= Taxas de Inscri\u00e7\u00e3o =<\/h3>\n\n\n\n<figure class=\"wp-block-image size-full is-resized\"><img loading=\"lazy\" decoding=\"async\" width=\"916\" height=\"358\" src=\"https:\/\/oluto.web.ua.pt\/wp-content\/uploads\/2025\/08\/Taxas-Inscr-iFEAL25.png\" alt=\"\" class=\"wp-image-5039\" style=\"width:600px\" srcset=\"https:\/\/oluto.web.ua.pt\/wp-content\/uploads\/2025\/08\/Taxas-Inscr-iFEAL25.png 916w, https:\/\/oluto.web.ua.pt\/wp-content\/uploads\/2025\/08\/Taxas-Inscr-iFEAL25-300x117.png 300w, https:\/\/oluto.web.ua.pt\/wp-content\/uploads\/2025\/08\/Taxas-Inscr-iFEAL25-768x300.png 768w\" sizes=\"auto, (max-width: 916px) 100vw, 916px\" \/><\/figure>\n\n\n\n<p class=\"has-neve-text-color-color has-text-color has-link-color wp-elements-59726bc609013a70edad75e7644a985e\">* Estudantes de licenciatura, mestrado e doutoramento das \u00e1reas de Educa\u00e7\u00e3o, Gerontologia, Psicologia, Sa\u00fade e Servi\u00e7o Social.<\/p>\n\n\n\n<div style=\"height:50px\" aria-hidden=\"true\" class=\"wp-block-spacer\"><\/div>\n\n\n\n<h3 class=\"wp-block-heading has-neve-text-color-color has-text-color has-link-color wp-elements-ef68e58e78c55ac2dbc61f1e6356fada\">= Termos e Condi\u00e7\u00f5es =<\/h3>\n\n\n\n<p class=\"has-neve-text-color-color has-text-color has-link-color wp-elements-c8bfc1cc4eba5a5cdfef007a31763323\">A Inscri\u00e7\u00e3o Geral inclui a participa\u00e7\u00e3o no evento, acesso ao material informativo e ao coffee-break.<br>A Inscri\u00e7\u00e3o Online inclui a participa\u00e7\u00e3o no evento, via Teams (<em>link disponibilizado na semana antes do evento<\/em>).<br>N\u00e3o inclui almo\u00e7o.<br>Evento preferencialmente presencial, mas com possibilidade de participa\u00e7\u00e3o \u00e0 dist\u00e2ncia.<\/p>\n\n\n\n<div style=\"height:50px\" aria-hidden=\"true\" class=\"wp-block-spacer\"><\/div>\n\n\n\n<h3 class=\"wp-block-heading has-neve-text-color-color has-text-color has-link-color wp-elements-4b68a749fe05fb870fbd734ffdebe0ad\">=Cancelamento e Reembolso=<\/h3>\n\n\n\n<p class=\"has-neve-text-color-color has-text-color has-link-color wp-elements-d659ca2550fdec0aa276a272c0696d21\">Os pedidos de cancelamento e reembolso devem ser feitos atrav\u00e9s do e-mail <strong>dep-luto@ua.pt<\/strong>, antes de 24 de setembro de 2025. \u00c9 cobrada uma taxa de servi\u00e7o para reembolsos e cancelamentos.<br>As taxas banc\u00e1rias devem ser pagas pelos participantes.<\/p>\n\n\n\n<div style=\"height:50px\" aria-hidden=\"true\" class=\"wp-block-spacer\"><\/div>\n\n\n\n<h3 class=\"wp-block-heading has-neve-text-color-color has-text-color has-link-color wp-elements-c6b1af3c6a514a970aea3a42a7cbb0c1\">=Modalidade de Pagamento=<\/h3>\n\n\n\n<p class=\"has-neve-text-color-color has-text-color has-link-color wp-elements-6bd4d673900fc044bf18c278b986739b\">Por transfer\u00eancia banc\u00e1ria com os seguintes dados de pagamento:<br><strong>Nome da Conta:<\/strong> Universidade de Aveiro \u2013 Eventos<br><strong>IBAN:<\/strong> PT50 0035 0361 00002885330 45<br><strong>SWIFT-BIC Code:<\/strong> CGDIPTPL<\/p>\n\n\n\n<p class=\"has-neve-text-color-color has-text-color has-link-color wp-elements-914bf9683380afa0407ce7ec50d7b0ef\">Por favor, envie o documento comprovativo de pagamento e, se for o caso, comprovativo de estudante, identificado com <strong>W_iFEAL25_NomeParticipante<\/strong> para <strong>dep-luto@ua.pt<\/strong>.<br><em>A inscri\u00e7\u00e3o ser\u00e1 considerada v\u00e1lida depois de confirma\u00e7\u00e3o de pagamento.<\/em><\/p>\n\n\n\n<div style=\"height:50px\" aria-hidden=\"true\" class=\"wp-block-spacer\"><\/div>\n\n\n\n<h3 class=\"wp-block-heading has-neve-text-color-color has-text-color has-link-color wp-elements-fdb86fa81c54cbd633727abccc646cfc\">=Outros Assuntos=<\/h3>\n\n\n\n<p class=\"has-neve-text-color-color has-text-color has-link-color wp-elements-72efac3594a7b0a1853540560369698a\">Para quest\u00f5es relacionadas com inscri\u00e7\u00f5es, pagamentos das taxas de inscri\u00e7\u00e3o e recibos, por favor contate-nos atrav\u00e9s do e-mail <strong>dep-luto@ua.pt<\/strong>.<\/p>\n<\/div>\n<\/div>\n<\/div><\/div>\n<\/div><\/div>\n\n\n\n<div style=\"height:50px\" aria-hidden=\"true\" class=\"wp-block-spacer\"><\/div>\n\n\n\n<div class=\"wp-block-cover alignfull\"><span aria-hidden=\"true\" class=\"wp-block-cover__background has-custom-1-background-color has-background-dim-100 has-background-dim\"><\/span><div class=\"wp-block-cover__inner-container is-layout-constrained wp-block-cover-is-layout-constrained\"><div class=\"wp-block-image\">\n<figure class=\"aligncenter size-large\"><img loading=\"lazy\" decoding=\"async\" width=\"1024\" height=\"246\" src=\"https:\/\/oluto.web.ua.pt\/wp-content\/uploads\/2024\/04\/Rodape-Normas-Publicitacao-1024x246.jpg\" alt=\"\" class=\"wp-image-3103\" srcset=\"https:\/\/oluto.web.ua.pt\/wp-content\/uploads\/2024\/04\/Rodape-Normas-Publicitacao-1024x246.jpg 1024w, https:\/\/oluto.web.ua.pt\/wp-content\/uploads\/2024\/04\/Rodape-Normas-Publicitacao-300x72.jpg 300w, https:\/\/oluto.web.ua.pt\/wp-content\/uploads\/2024\/04\/Rodape-Normas-Publicitacao-768x185.jpg 768w, https:\/\/oluto.web.ua.pt\/wp-content\/uploads\/2024\/04\/Rodape-Normas-Publicitacao.jpg 1280w\" sizes=\"auto, (max-width: 1024px) 100vw, 1024px\" \/><\/figure><\/div>\n\n\n<div class=\"wp-block-columns alignwide is-layout-flex wp-container-core-columns-is-layout-3 wp-block-columns-is-layout-flex\">\n<div class=\"wp-block-column is-layout-flow wp-block-column-is-layout-flow\">\n<p class=\"has-nv-site-bg-color has-text-color has-link-color wp-elements-e06817763da9599429b2e336e888f5c7\"><em>Financiado por Fundos Nacionais atrav\u00e9s da FCT \u2013 Funda\u00e7\u00e3o para a Ci\u00eancia e a Tecnologia, I.P., no \u00e2mbito dos projetos UIDB\/00194\/2020 (https:\/\/doi.org\/10.54499\/UIDB\/00194\/2020), referente ao CIDTFF, e 10.54499\/LA\/P\/0053\/2020, referente ao RISE-Health, CINTESIS@UA e do concurso de Bolsas de Doutoramento, refer\u00eancia 2021.06422.BD (https:\/\/doi.org\/10.54499\/UIDB\/00194\/2020).<\/em><\/p>\n<\/div>\n<\/div>\n<\/div><\/div>\n\n\n\n<div class=\"wp-block-cover alignfull\" style=\"min-height:100px;aspect-ratio:unset;\"><span aria-hidden=\"true\" class=\"wp-block-cover__background has-custom-1-background-color has-background-dim-100 has-background-dim\"><\/span><div class=\"wp-block-cover__inner-container is-layout-constrained wp-block-cover-is-layout-constrained\">\n<ul class=\"wp-block-social-links aligncenter is-layout-flex wp-block-social-links-is-layout-flex\"><li class=\"wp-social-link wp-social-link-linkedin  wp-block-social-link\"><a href=\"https:\/\/www.linkedin.com\/in\/cristinafelizardo\/\" class=\"wp-block-social-link-anchor\"><svg width=\"24\" height=\"24\" viewBox=\"0 0 24 24\" version=\"1.1\" xmlns=\"http:\/\/www.w3.org\/2000\/svg\" aria-hidden=\"true\" focusable=\"false\"><path d=\"M19.7,3H4.3C3.582,3,3,3.582,3,4.3v15.4C3,20.418,3.582,21,4.3,21h15.4c0.718,0,1.3-0.582,1.3-1.3V4.3 C21,3.582,20.418,3,19.7,3z M8.339,18.338H5.667v-8.59h2.672V18.338z M7.004,8.574c-0.857,0-1.549-0.694-1.549-1.548 c0-0.855,0.691-1.548,1.549-1.548c0.854,0,1.547,0.694,1.547,1.548C8.551,7.881,7.858,8.574,7.004,8.574z M18.339,18.338h-2.669 v-4.177c0-0.996-0.017-2.278-1.387-2.278c-1.389,0-1.601,1.086-1.601,2.206v4.249h-2.667v-8.59h2.559v1.174h0.037 c0.356-0.675,1.227-1.387,2.526-1.387c2.703,0,3.203,1.779,3.203,4.092V18.338z\"><\/path><\/svg><span class=\"wp-block-social-link-label screen-reader-text\">LinkedIn<\/span><\/a><\/li>\n\n<li class=\"wp-social-link wp-social-link-facebook  wp-block-social-link\"><a href=\"https:\/\/www.facebook.com\/byCristinaFelizardo\" class=\"wp-block-social-link-anchor\"><svg width=\"24\" height=\"24\" viewBox=\"0 0 24 24\" version=\"1.1\" xmlns=\"http:\/\/www.w3.org\/2000\/svg\" aria-hidden=\"true\" focusable=\"false\"><path d=\"M12 2C6.5 2 2 6.5 2 12c0 5 3.7 9.1 8.4 9.9v-7H7.9V12h2.5V9.8c0-2.5 1.5-3.9 3.8-3.9 1.1 0 2.2.2 2.2.2v2.5h-1.3c-1.2 0-1.6.8-1.6 1.6V12h2.8l-.4 2.9h-2.3v7C18.3 21.1 22 17 22 12c0-5.5-4.5-10-10-10z\"><\/path><\/svg><span class=\"wp-block-social-link-label screen-reader-text\">Facebook<\/span><\/a><\/li>\n\n<li class=\"wp-social-link wp-social-link-x  wp-block-social-link\"><a href=\"https:\/\/twitter.com\/CfelizbyCris\" class=\"wp-block-social-link-anchor\"><svg width=\"24\" height=\"24\" viewBox=\"0 0 24 24\" version=\"1.1\" xmlns=\"http:\/\/www.w3.org\/2000\/svg\" aria-hidden=\"true\" focusable=\"false\"><path d=\"M13.982 10.622 20.54 3h-1.554l-5.693 6.618L8.745 3H3.5l6.876 10.007L3.5 21h1.554l6.012-6.989L15.868 21h5.245l-7.131-10.378Zm-2.128 2.474-.697-.997-5.543-7.93H8l4.474 6.4.697.996 5.815 8.318h-2.387l-4.745-6.787Z\" \/><\/svg><span class=\"wp-block-social-link-label screen-reader-text\">X<\/span><\/a><\/li>\n\n<li class=\"wp-social-link wp-social-link-instagram  wp-block-social-link\"><a href=\"https:\/\/www.instagram.com\/oluto_humanx?utm_source=qru0026igsh=MWE3NTN1NzEzdWJreA%3D%3D\" class=\"wp-block-social-link-anchor\"><svg width=\"24\" height=\"24\" viewBox=\"0 0 24 24\" version=\"1.1\" xmlns=\"http:\/\/www.w3.org\/2000\/svg\" aria-hidden=\"true\" focusable=\"false\"><path d=\"M12,4.622c2.403,0,2.688,0.009,3.637,0.052c0.877,0.04,1.354,0.187,1.671,0.31c0.42,0.163,0.72,0.358,1.035,0.673 c0.315,0.315,0.51,0.615,0.673,1.035c0.123,0.317,0.27,0.794,0.31,1.671c0.043,0.949,0.052,1.234,0.052,3.637 s-0.009,2.688-0.052,3.637c-0.04,0.877-0.187,1.354-0.31,1.671c-0.163,0.42-0.358,0.72-0.673,1.035 c-0.315,0.315-0.615,0.51-1.035,0.673c-0.317,0.123-0.794,0.27-1.671,0.31c-0.949,0.043-1.233,0.052-3.637,0.052 s-2.688-0.009-3.637-0.052c-0.877-0.04-1.354-0.187-1.671-0.31c-0.42-0.163-0.72-0.358-1.035-0.673 c-0.315-0.315-0.51-0.615-0.673-1.035c-0.123-0.317-0.27-0.794-0.31-1.671C4.631,14.688,4.622,14.403,4.622,12 s0.009-2.688,0.052-3.637c0.04-0.877,0.187-1.354,0.31-1.671c0.163-0.42,0.358-0.72,0.673-1.035 c0.315-0.315,0.615-0.51,1.035-0.673c0.317-0.123,0.794-0.27,1.671-0.31C9.312,4.631,9.597,4.622,12,4.622 M12,3 C9.556,3,9.249,3.01,8.289,3.054C7.331,3.098,6.677,3.25,6.105,3.472C5.513,3.702,5.011,4.01,4.511,4.511 c-0.5,0.5-0.808,1.002-1.038,1.594C3.25,6.677,3.098,7.331,3.054,8.289C3.01,9.249,3,9.556,3,12c0,2.444,0.01,2.751,0.054,3.711 c0.044,0.958,0.196,1.612,0.418,2.185c0.23,0.592,0.538,1.094,1.038,1.594c0.5,0.5,1.002,0.808,1.594,1.038 c0.572,0.222,1.227,0.375,2.185,0.418C9.249,20.99,9.556,21,12,21s2.751-0.01,3.711-0.054c0.958-0.044,1.612-0.196,2.185-0.418 c0.592-0.23,1.094-0.538,1.594-1.038c0.5-0.5,0.808-1.002,1.038-1.594c0.222-0.572,0.375-1.227,0.418-2.185 C20.99,14.751,21,14.444,21,12s-0.01-2.751-0.054-3.711c-0.044-0.958-0.196-1.612-0.418-2.185c-0.23-0.592-0.538-1.094-1.038-1.594 c-0.5-0.5-1.002-0.808-1.594-1.038c-0.572-0.222-1.227-0.375-2.185-0.418C14.751,3.01,14.444,3,12,3L12,3z M12,7.378 c-2.552,0-4.622,2.069-4.622,4.622S9.448,16.622,12,16.622s4.622-2.069,4.622-4.622S14.552,7.378,12,7.378z M12,15 c-1.657,0-3-1.343-3-3s1.343-3,3-3s3,1.343,3,3S13.657,15,12,15z M16.804,6.116c-0.596,0-1.08,0.484-1.08,1.08 s0.484,1.08,1.08,1.08c0.596,0,1.08-0.484,1.08-1.08S17.401,6.116,16.804,6.116z\"><\/path><\/svg><span class=\"wp-block-social-link-label screen-reader-text\">Instagram<\/span><\/a><\/li>\n\n<li class=\"wp-social-link wp-social-link-youtube  wp-block-social-link\"><a href=\"https:\/\/www.youtube.com\/channel\/UCvG4z0pVO9Lf-UqTOLD5NHg\/featured\" class=\"wp-block-social-link-anchor\"><svg width=\"24\" height=\"24\" viewBox=\"0 0 24 24\" version=\"1.1\" xmlns=\"http:\/\/www.w3.org\/2000\/svg\" aria-hidden=\"true\" focusable=\"false\"><path d=\"M21.8,8.001c0,0-0.195-1.378-0.795-1.985c-0.76-0.797-1.613-0.801-2.004-0.847c-2.799-0.202-6.997-0.202-6.997-0.202 h-0.009c0,0-4.198,0-6.997,0.202C4.608,5.216,3.756,5.22,2.995,6.016C2.395,6.623,2.2,8.001,2.2,8.001S2,9.62,2,11.238v1.517 c0,1.618,0.2,3.237,0.2,3.237s0.195,1.378,0.795,1.985c0.761,0.797,1.76,0.771,2.205,0.855c1.6,0.153,6.8,0.201,6.8,0.201 s4.203-0.006,7.001-0.209c0.391-0.047,1.243-0.051,2.004-0.847c0.6-0.607,0.795-1.985,0.795-1.985s0.2-1.618,0.2-3.237v-1.517 C22,9.62,21.8,8.001,21.8,8.001z M9.935,14.594l-0.001-5.62l5.404,2.82L9.935,14.594z\"><\/path><\/svg><span class=\"wp-block-social-link-label screen-reader-text\">YouTube<\/span><\/a><\/li>\n\n<li class=\"wp-social-link wp-social-link-whatsapp  wp-block-social-link\"><a href=\"https:\/\/oluto.web.ua.pt\/?page_id=2608\" class=\"wp-block-social-link-anchor\"><svg width=\"24\" height=\"24\" viewBox=\"0 0 24 24\" version=\"1.1\" xmlns=\"http:\/\/www.w3.org\/2000\/svg\" aria-hidden=\"true\" focusable=\"false\"><path d=\"M 12.011719 2 C 6.5057187 2 2.0234844 6.478375 2.0214844 11.984375 C 2.0204844 13.744375 2.4814687 15.462563 3.3554688 16.976562 L 2 22 L 7.2324219 20.763672 C 8.6914219 21.559672 10.333859 21.977516 12.005859 21.978516 L 12.009766 21.978516 C 17.514766 21.978516 21.995047 17.499141 21.998047 11.994141 C 22.000047 9.3251406 20.962172 6.8157344 19.076172 4.9277344 C 17.190172 3.0407344 14.683719 2.001 12.011719 2 z M 12.009766 4 C 14.145766 4.001 16.153109 4.8337969 17.662109 6.3417969 C 19.171109 7.8517969 20.000047 9.8581875 19.998047 11.992188 C 19.996047 16.396187 16.413812 19.978516 12.007812 19.978516 C 10.674812 19.977516 9.3544062 19.642812 8.1914062 19.007812 L 7.5175781 18.640625 L 6.7734375 18.816406 L 4.8046875 19.28125 L 5.2851562 17.496094 L 5.5019531 16.695312 L 5.0878906 15.976562 C 4.3898906 14.768562 4.0204844 13.387375 4.0214844 11.984375 C 4.0234844 7.582375 7.6067656 4 12.009766 4 z M 8.4765625 7.375 C 8.3095625 7.375 8.0395469 7.4375 7.8105469 7.6875 C 7.5815469 7.9365 6.9355469 8.5395781 6.9355469 9.7675781 C 6.9355469 10.995578 7.8300781 12.182609 7.9550781 12.349609 C 8.0790781 12.515609 9.68175 15.115234 12.21875 16.115234 C 14.32675 16.946234 14.754891 16.782234 15.212891 16.740234 C 15.670891 16.699234 16.690438 16.137687 16.898438 15.554688 C 17.106437 14.971687 17.106922 14.470187 17.044922 14.367188 C 16.982922 14.263188 16.816406 14.201172 16.566406 14.076172 C 16.317406 13.951172 15.090328 13.348625 14.861328 13.265625 C 14.632328 13.182625 14.464828 13.140625 14.298828 13.390625 C 14.132828 13.640625 13.655766 14.201187 13.509766 14.367188 C 13.363766 14.534188 13.21875 14.556641 12.96875 14.431641 C 12.71875 14.305641 11.914938 14.041406 10.960938 13.191406 C 10.218937 12.530406 9.7182656 11.714844 9.5722656 11.464844 C 9.4272656 11.215844 9.5585938 11.079078 9.6835938 10.955078 C 9.7955938 10.843078 9.9316406 10.663578 10.056641 10.517578 C 10.180641 10.371578 10.223641 10.267562 10.306641 10.101562 C 10.389641 9.9355625 10.347156 9.7890625 10.285156 9.6640625 C 10.223156 9.5390625 9.737625 8.3065 9.515625 7.8125 C 9.328625 7.3975 9.131125 7.3878594 8.953125 7.3808594 C 8.808125 7.3748594 8.6425625 7.375 8.4765625 7.375 z\"><\/path><\/svg><span class=\"wp-block-social-link-label screen-reader-text\">WhatsApp<\/span><\/a><\/li><\/ul>\n<\/div><\/div>\n","protected":false},"excerpt":{"rendered":"","protected":false},"author":3,"featured_media":0,"parent":0,"menu_order":0,"comment_status":"closed","ping_status":"closed","template":"","meta":{"neve_meta_sidebar":"","neve_meta_container":"","neve_meta_enable_content_width":"","neve_meta_content_width":0,"neve_meta_title_alignment":"","neve_meta_author_avatar":"","neve_post_elements_order":"","neve_meta_disable_header":"","neve_meta_disable_footer":"","neve_meta_disable_title":"","footnotes":""},"class_list":["post-5036","page","type-page","status-publish","hentry"],"_links":{"self":[{"href":"https:\/\/oluto.web.ua.pt\/index.php?rest_route=\/wp\/v2\/pages\/5036","targetHints":{"allow":["GET"]}}],"collection":[{"href":"https:\/\/oluto.web.ua.pt\/index.php?rest_route=\/wp\/v2\/pages"}],"about":[{"href":"https:\/\/oluto.web.ua.pt\/index.php?rest_route=\/wp\/v2\/types\/page"}],"author":[{"embeddable":true,"href":"https:\/\/oluto.web.ua.pt\/index.php?rest_route=\/wp\/v2\/users\/3"}],"replies":[{"embeddable":true,"href":"https:\/\/oluto.web.ua.pt\/index.php?rest_route=%2Fwp%2Fv2%2Fcomments&post=5036"}],"version-history":[{"count":6,"href":"https:\/\/oluto.web.ua.pt\/index.php?rest_route=\/wp\/v2\/pages\/5036\/revisions"}],"predecessor-version":[{"id":5141,"href":"https:\/\/oluto.web.ua.pt\/index.php?rest_route=\/wp\/v2\/pages\/5036\/revisions\/5141"}],"wp:attachment":[{"href":"https:\/\/oluto.web.ua.pt\/index.php?rest_route=%2Fwp%2Fv2%2Fmedia&parent=5036"}],"curies":[{"name":"wp","href":"https:\/\/api.w.org\/{rel}","templated":true}]}}